{"id":369,"date":"2019-12-24T10:21:50","date_gmt":"2019-12-24T09:21:50","guid":{"rendered":"https:\/\/mteconomistas.com\/?page_id=369"},"modified":"2025-01-28T10:54:06","modified_gmt":"2025-01-28T09:54:06","slug":"metodologia","status":"publish","type":"page","link":"https:\/\/d418ea.com\/ca\/metodologia\/","title":{"rendered":"Metodologia"},"content":{"rendered":"\t\t<div data-elementor-type=\"wp-page\" data-elementor-id=\"369\" class=\"elementor elementor-369 elementor-100\" data-elementor-post-type=\"page\">\n\t\t\t\t\t\t<section class=\"elementor-section elementor-top-section elementor-element elementor-element-83d494c elementor-section-full_width elementor-section-height-min-height elementor-section-height-default elementor-section-items-middle\" data-id=\"83d494c\" data-element_type=\"section\" data-settings=\"{&quot;background_background&quot;:&quot;classic&quot;}\">\n\t\t\t\t\t\t\t<div class=\"elementor-background-overlay\"><\/div>\n\t\t\t\t\t\t\t<div class=\"elementor-container elementor-column-gap-no\">\n\t\t\t\t\t<div class=\"elementor-column elementor-col-100 elementor-top-column elementor-element elementor-element-17174d9\" data-id=\"17174d9\" data-element_type=\"column\">\n\t\t\t<div class=\"elementor-widget-wrap elementor-element-populated\">\n\t\t\t\t\t\t<div class=\"elementor-element elementor-element-fed2318 elementor-widget elementor-widget-heading\" data-id=\"fed2318\" data-element_type=\"widget\" data-widget_type=\"heading.default\">\n\t\t\t\t<div class=\"elementor-widget-container\">\n\t\t\t\t\t<h1 class=\"elementor-heading-title elementor-size-default\">Metodologia<\/h1>\t\t\t\t<\/div>\n\t\t\t\t<\/div>\n\t\t\t\t\t<\/div>\n\t\t<\/div>\n\t\t\t\t\t<\/div>\n\t\t<\/section>\n\t\t\t\t<section class=\"elementor-section elementor-top-section elementor-element elementor-element-b71fcd7 elementor-section-full_width elementor-section-height-default elementor-section-height-default\" data-id=\"b71fcd7\" data-element_type=\"section\">\n\t\t\t\t\t\t<div class=\"elementor-container elementor-column-gap-no\">\n\t\t\t\t\t<div class=\"elementor-column elementor-col-100 elementor-top-column elementor-element elementor-element-2256b2a\" data-id=\"2256b2a\" data-element_type=\"column\">\n\t\t\t<div class=\"elementor-widget-wrap elementor-element-populated\">\n\t\t\t\t\t\t<section class=\"elementor-section elementor-inner-section elementor-element elementor-element-21ef32b elementor-section-full_width elementor-section-height-default elementor-section-height-default\" data-id=\"21ef32b\" data-element_type=\"section\">\n\t\t\t\t\t\t<div class=\"elementor-container elementor-column-gap-default\">\n\t\t\t\t\t<div class=\"elementor-column elementor-col-33 elementor-inner-column elementor-element elementor-element-4c3f89e\" data-id=\"4c3f89e\" data-element_type=\"column\">\n\t\t\t<div class=\"elementor-widget-wrap elementor-element-populated\">\n\t\t\t\t\t\t<div class=\"elementor-element elementor-element-f09b127 elementor-invisible elementor-widget elementor-widget-heading\" data-id=\"f09b127\" data-element_type=\"widget\" data-settings=\"{&quot;_animation&quot;:&quot;fadeInUp&quot;}\" data-widget_type=\"heading.default\">\n\t\t\t\t<div class=\"elementor-widget-container\">\n\t\t\t\t\t<h2 class=\"elementor-heading-title elementor-size-default\">Descobreix la nostra metodologia<\/h2>\t\t\t\t<\/div>\n\t\t\t\t<\/div>\n\t\t\t\t<div class=\"elementor-element elementor-element-f13ddcd elementor-widget elementor-widget-text-editor\" data-id=\"f13ddcd\" data-element_type=\"widget\" data-widget_type=\"text-editor.default\">\n\t\t\t\t<div class=\"elementor-widget-container\">\n\t\t\t\t\t\t\t\t\t<p>Ajudem empreses, aut\u00f2noms i emprenedors a implementar millores en els seus projectes empresarials. La nostra metodologia es basa en la personalitzaci\u00f3, la gesti\u00f3 del temps i els resultats.<\/p>\t\t\t\t\t\t\t\t<\/div>\n\t\t\t\t<\/div>\n\t\t\t\t<div class=\"elementor-element elementor-element-844d938 elementor-widget elementor-widget-text-editor\" data-id=\"844d938\" data-element_type=\"widget\" data-widget_type=\"text-editor.default\">\n\t\t\t\t<div class=\"elementor-widget-container\">\n\t\t\t\t\t\t\t\t\t<p>Ens impliquem de manera directa per a implementar un conjunt de bones pr\u00e0ctiques basades en el treball en equip i els resultats, des de la gesti\u00f3 fiscal, financera i els serveis jur\u00eddics, oferint solucions legals que assegurin la correcta presa de decisions i la protecci\u00f3 dels interessos empresarials.<\/p>\t\t\t\t\t\t\t\t<\/div>\n\t\t\t\t<\/div>\n\t\t\t\t<div class=\"elementor-element elementor-element-ee8aaee elementor-hidden-laptop elementor-hidden-tablet_extra elementor-widget elementor-widget-image\" data-id=\"ee8aaee\" data-element_type=\"widget\" data-widget_type=\"image.default\">\n\t\t\t\t<div class=\"elementor-widget-container\">\n\t\t\t\t\t\t\t\t\t\t\t\t\t\t\t<img fetchpriority=\"high\" decoding=\"async\" width=\"2000\" height=\"1334\" src=\"https:\/\/d418ea.com\/wp-content\/uploads\/2024\/12\/web-D418EconomistesAdvocats_0012.jpg\" class=\"attachment-full size-full wp-image-1714\" alt=\"\" srcset=\"https:\/\/d418ea.com\/wp-content\/uploads\/2024\/12\/web-D418EconomistesAdvocats_0012.jpg 2000w, https:\/\/d418ea.com\/wp-content\/uploads\/2024\/12\/web-D418EconomistesAdvocats_0012-300x200.jpg 300w, https:\/\/d418ea.com\/wp-content\/uploads\/2024\/12\/web-D418EconomistesAdvocats_0012-1024x683.jpg 1024w, https:\/\/d418ea.com\/wp-content\/uploads\/2024\/12\/web-D418EconomistesAdvocats_0012-768x512.jpg 768w, https:\/\/d418ea.com\/wp-content\/uploads\/2024\/12\/web-D418EconomistesAdvocats_0012-1536x1025.jpg 1536w\" sizes=\"(max-width: 2000px) 100vw, 2000px\" \/>\t\t\t\t\t\t\t\t\t\t\t\t\t\t\t<\/div>\n\t\t\t\t<\/div>\n\t\t\t\t\t<\/div>\n\t\t<\/div>\n\t\t\t\t<div class=\"elementor-column elementor-col-33 elementor-inner-column elementor-element elementor-element-06679cf\" data-id=\"06679cf\" data-element_type=\"column\">\n\t\t\t<div class=\"elementor-widget-wrap elementor-element-populated\">\n\t\t\t\t\t\t<div class=\"elementor-element elementor-element-49e2482 elementor-widget elementor-widget-image\" data-id=\"49e2482\" data-element_type=\"widget\" data-widget_type=\"image.default\">\n\t\t\t\t<div class=\"elementor-widget-container\">\n\t\t\t\t\t\t\t\t\t\t\t\t\t\t\t<img decoding=\"async\" width=\"683\" height=\"1024\" src=\"https:\/\/d418ea.com\/wp-content\/uploads\/2024\/12\/web-D418EconomistesAdvocats_0056-683x1024.jpg\" class=\"attachment-large size-large wp-image-1872\" alt=\"\" srcset=\"https:\/\/d418ea.com\/wp-content\/uploads\/2024\/12\/web-D418EconomistesAdvocats_0056-683x1024.jpg 683w, https:\/\/d418ea.com\/wp-content\/uploads\/2024\/12\/web-D418EconomistesAdvocats_0056-200x300.jpg 200w, https:\/\/d418ea.com\/wp-content\/uploads\/2024\/12\/web-D418EconomistesAdvocats_0056-768x1151.jpg 768w, https:\/\/d418ea.com\/wp-content\/uploads\/2024\/12\/web-D418EconomistesAdvocats_0056-1025x1536.jpg 1025w, https:\/\/d418ea.com\/wp-content\/uploads\/2024\/12\/web-D418EconomistesAdvocats_0056-1366x2048.jpg 1366w, https:\/\/d418ea.com\/wp-content\/uploads\/2024\/12\/web-D418EconomistesAdvocats_0056-scaled.jpg 1708w\" sizes=\"(max-width: 683px) 100vw, 683px\" \/>\t\t\t\t\t\t\t\t\t\t\t\t\t\t\t<\/div>\n\t\t\t\t<\/div>\n\t\t\t\t\t<\/div>\n\t\t<\/div>\n\t\t\t\t<div class=\"elementor-column elementor-col-33 elementor-inner-column elementor-element elementor-element-edf7350\" data-id=\"edf7350\" data-element_type=\"column\">\n\t\t\t<div class=\"elementor-widget-wrap elementor-element-populated\">\n\t\t\t\t\t\t<div class=\"elementor-element elementor-element-172477d elementor-widget elementor-widget-image\" data-id=\"172477d\" data-element_type=\"widget\" data-widget_type=\"image.default\">\n\t\t\t\t<div class=\"elementor-widget-container\">\n\t\t\t\t\t\t\t\t\t\t\t\t\t\t\t<img decoding=\"async\" width=\"683\" height=\"1024\" src=\"https:\/\/d418ea.com\/wp-content\/uploads\/2024\/12\/web-D418EconomistesAdvocats_0055-683x1024.jpg\" class=\"attachment-large size-large wp-image-1874\" alt=\"oficina D418 edificio de les punxes de diagonal\" srcset=\"https:\/\/d418ea.com\/wp-content\/uploads\/2024\/12\/web-D418EconomistesAdvocats_0055-683x1024.jpg 683w, https:\/\/d418ea.com\/wp-content\/uploads\/2024\/12\/web-D418EconomistesAdvocats_0055-200x300.jpg 200w, https:\/\/d418ea.com\/wp-content\/uploads\/2024\/12\/web-D418EconomistesAdvocats_0055-768x1151.jpg 768w, https:\/\/d418ea.com\/wp-content\/uploads\/2024\/12\/web-D418EconomistesAdvocats_0055-1025x1536.jpg 1025w, https:\/\/d418ea.com\/wp-content\/uploads\/2024\/12\/web-D418EconomistesAdvocats_0055-1366x2048.jpg 1366w, https:\/\/d418ea.com\/wp-content\/uploads\/2024\/12\/web-D418EconomistesAdvocats_0055-scaled.jpg 1708w\" sizes=\"(max-width: 683px) 100vw, 683px\" \/>\t\t\t\t\t\t\t\t\t\t\t\t\t\t\t<\/div>\n\t\t\t\t<\/div>\n\t\t\t\t\t<\/div>\n\t\t<\/div>\n\t\t\t\t\t<\/div>\n\t\t<\/section>\n\t\t\t\t\t<\/div>\n\t\t<\/div>\n\t\t\t\t\t<\/div>\n\t\t<\/section>\n\t\t\t\t<section class=\"elementor-section elementor-top-section elementor-element elementor-element-efdc56c elementor-section-content-middle elementor-section-boxed elementor-section-height-default elementor-section-height-default\" data-id=\"efdc56c\" data-element_type=\"section\" data-settings=\"{&quot;background_background&quot;:&quot;classic&quot;}\">\n\t\t\t\t\t\t<div class=\"elementor-container elementor-column-gap-no\">\n\t\t\t\t\t<div class=\"elementor-column elementor-col-100 elementor-top-column elementor-element elementor-element-778c92bb\" data-id=\"778c92bb\" data-element_type=\"column\">\n\t\t\t<div class=\"elementor-widget-wrap elementor-element-populated\">\n\t\t\t\t\t\t<section class=\"elementor-section elementor-inner-section elementor-element elementor-element-28188e36 elementor-section-boxed elementor-section-height-default elementor-section-height-default\" data-id=\"28188e36\" data-element_type=\"section\">\n\t\t\t\t\t\t<div class=\"elementor-container elementor-column-gap-default\">\n\t\t\t\t\t<div class=\"elementor-column elementor-col-33 elementor-inner-column elementor-element elementor-element-2424b3d8\" data-id=\"2424b3d8\" data-element_type=\"column\">\n\t\t\t<div class=\"elementor-widget-wrap elementor-element-populated\">\n\t\t\t\t\t\t<div class=\"elementor-element elementor-element-4eb5c343 elementor-widget elementor-widget-heading\" data-id=\"4eb5c343\" data-element_type=\"widget\" data-widget_type=\"heading.default\">\n\t\t\t\t<div class=\"elementor-widget-container\">\n\t\t\t\t\t<h3 class=\"elementor-heading-title elementor-size-default\">SCRUM<\/h3>\t\t\t\t<\/div>\n\t\t\t\t<\/div>\n\t\t\t\t<div class=\"elementor-element elementor-element-41e940c5 elementor-widget-divider--view-line elementor-widget elementor-widget-divider\" data-id=\"41e940c5\" data-element_type=\"widget\" data-widget_type=\"divider.default\">\n\t\t\t\t<div class=\"elementor-widget-container\">\n\t\t\t\t\t\t\t<div class=\"elementor-divider\">\n\t\t\t<span class=\"elementor-divider-separator\">\n\t\t\t\t\t\t<\/span>\n\t\t<\/div>\n\t\t\t\t\t\t<\/div>\n\t\t\t\t<\/div>\n\t\t\t\t<div class=\"elementor-element elementor-element-7455be38 elementor-widget elementor-widget-text-editor\" data-id=\"7455be38\" data-element_type=\"widget\" data-widget_type=\"text-editor.default\">\n\t\t\t\t<div class=\"elementor-widget-container\">\n\t\t\t\t\t\t\t\t\t<p data-pm-slice=\"1 1 []\">La metodologia <em>SCRUM, es basa en un estudi de la manera en qu\u00e8 treballen els equips altament productius. Est\u00e0 especialment indicada per als entorns complexos en els quals cal obtenir resultats aviat. Actuar <\/em>col\u00b7laborativament, ens permet obtenir el millor resultat per al projecte empresarial, detectant irregularitats en els processos per a identificar i implementar solucions.<\/p>\t\t\t\t\t\t\t\t<\/div>\n\t\t\t\t<\/div>\n\t\t\t\t\t<\/div>\n\t\t<\/div>\n\t\t\t\t<div class=\"elementor-column elementor-col-33 elementor-inner-column elementor-element elementor-element-525f747b\" data-id=\"525f747b\" data-element_type=\"column\">\n\t\t\t<div class=\"elementor-widget-wrap elementor-element-populated\">\n\t\t\t\t\t\t<div class=\"elementor-element elementor-element-45941ec6 elementor-widget elementor-widget-heading\" data-id=\"45941ec6\" data-element_type=\"widget\" data-widget_type=\"heading.default\">\n\t\t\t\t<div class=\"elementor-widget-container\">\n\t\t\t\t\t<h3 class=\"elementor-heading-title elementor-size-default\">PMP<\/h3>\t\t\t\t<\/div>\n\t\t\t\t<\/div>\n\t\t\t\t<div class=\"elementor-element elementor-element-3fda6b7c elementor-widget-divider--view-line elementor-widget elementor-widget-divider\" data-id=\"3fda6b7c\" data-element_type=\"widget\" data-widget_type=\"divider.default\">\n\t\t\t\t<div class=\"elementor-widget-container\">\n\t\t\t\t\t\t\t<div class=\"elementor-divider\">\n\t\t\t<span class=\"elementor-divider-separator\">\n\t\t\t\t\t\t<\/span>\n\t\t<\/div>\n\t\t\t\t\t\t<\/div>\n\t\t\t\t<\/div>\n\t\t\t\t<div class=\"elementor-element elementor-element-59ec2af6 elementor-widget elementor-widget-text-editor\" data-id=\"59ec2af6\" data-element_type=\"widget\" data-widget_type=\"text-editor.default\">\n\t\t\t\t<div class=\"elementor-widget-container\">\n\t\t\t\t\t\t\t\t\t<p>El Project Management Professional, \u00e9s una certificaci\u00f3 obtinguda per l&#8217;experi\u00e8ncia en gesti\u00f3 de projectes i que busca garantir el seu \u00e8xit. Consisteix en l&#8217;aplicaci\u00f3 de pr\u00e0ctiques basades en l&#8217;experi\u00e8ncia, utilitzades en la gesti\u00f3 de projectes a tot el m\u00f3n i que augmenten les probabilitats d&#8217;\u00e8xit.<\/p>\t\t\t\t\t\t\t\t<\/div>\n\t\t\t\t<\/div>\n\t\t\t\t\t<\/div>\n\t\t<\/div>\n\t\t\t\t<div class=\"elementor-column elementor-col-33 elementor-inner-column elementor-element elementor-element-331e8358\" data-id=\"331e8358\" data-element_type=\"column\">\n\t\t\t<div class=\"elementor-widget-wrap elementor-element-populated\">\n\t\t\t\t\t\t<div class=\"elementor-element elementor-element-56a31375 elementor-widget elementor-widget-heading\" data-id=\"56a31375\" data-element_type=\"widget\" data-widget_type=\"heading.default\">\n\t\t\t\t<div class=\"elementor-widget-container\">\n\t\t\t\t\t<h3 class=\"elementor-heading-title elementor-size-default\">PMO<\/h3>\t\t\t\t<\/div>\n\t\t\t\t<\/div>\n\t\t\t\t<div class=\"elementor-element elementor-element-412f1a83 elementor-widget-divider--view-line elementor-widget elementor-widget-divider\" data-id=\"412f1a83\" data-element_type=\"widget\" data-widget_type=\"divider.default\">\n\t\t\t\t<div class=\"elementor-widget-container\">\n\t\t\t\t\t\t\t<div class=\"elementor-divider\">\n\t\t\t<span class=\"elementor-divider-separator\">\n\t\t\t\t\t\t<\/span>\n\t\t<\/div>\n\t\t\t\t\t\t<\/div>\n\t\t\t\t<\/div>\n\t\t\t\t<div class=\"elementor-element elementor-element-648bc06 elementor-widget elementor-widget-text-editor\" data-id=\"648bc06\" data-element_type=\"widget\" data-widget_type=\"text-editor.default\">\n\t\t\t\t<div class=\"elementor-widget-container\">\n\t\t\t\t\t\t\t\t\t<p>Fa refer\u00e8ncia a l&#8217;Oficina de Projectes i Programes, cada vegada m\u00e9s convertida en una entitat formal i t\u00e0ctica dins d&#8217;una empresa. Es tracta d&#8217;una organitzaci\u00f3 essencial per a l&#8217;obtenci\u00f3 de l&#8217;\u00e8xit i perman\u00e8ncia d&#8217;una organitzaci\u00f3. Consisteix en el disseny i integraci\u00f3 d&#8217;una estrat\u00e8gia per al model de negoci. Es basa en la gesti\u00f3 i direcci\u00f3 de projectes com a pedra angular que permet a l&#8217;organitzaci\u00f3 aconseguir els seus objectius.<\/p>\t\t\t\t\t\t\t\t<\/div>\n\t\t\t\t<\/div>\n\t\t\t\t\t<\/div>\n\t\t<\/div>\n\t\t\t\t\t<\/div>\n\t\t<\/section>\n\t\t\t\t<section class=\"elementor-section elementor-inner-section elementor-element elementor-element-9984445 elementor-section-boxed elementor-section-height-default elementor-section-height-default\" data-id=\"9984445\" data-element_type=\"section\">\n\t\t\t\t\t\t<div class=\"elementor-container elementor-column-gap-default\">\n\t\t\t\t\t<div class=\"elementor-column elementor-col-100 elementor-inner-column elementor-element elementor-element-b6ffbc4\" data-id=\"b6ffbc4\" data-element_type=\"column\">\n\t\t\t<div class=\"elementor-widget-wrap elementor-element-populated\">\n\t\t\t\t\t\t<div class=\"elementor-element elementor-element-281f169 elementor-align-center elementor-widescreen-align-center elementor-laptop-align-center elementor-invisible elementor-widget elementor-widget-button\" data-id=\"281f169\" data-element_type=\"widget\" data-settings=\"{&quot;_animation&quot;:&quot;fadeInRight&quot;}\" data-widget_type=\"button.default\">\n\t\t\t\t<div class=\"elementor-widget-container\">\n\t\t\t\t\t\t\t\t\t<div class=\"elementor-button-wrapper\">\n\t\t\t\t\t<a class=\"elementor-button elementor-button-link elementor-size-lg\" href=\"https:\/\/d418ea.com\/ca\/contacte\/\">\n\t\t\t\t\t\t<span class=\"elementor-button-content-wrapper\">\n\t\t\t\t\t\t\t\t\t<span class=\"elementor-button-text\">Consulta'ns<\/span>\n\t\t\t\t\t<\/span>\n\t\t\t\t\t<\/a>\n\t\t\t\t<\/div>\n\t\t\t\t\t\t\t\t<\/div>\n\t\t\t\t<\/div>\n\t\t\t\t\t<\/div>\n\t\t<\/div>\n\t\t\t\t\t<\/div>\n\t\t<\/section>\n\t\t\t\t\t<\/div>\n\t\t<\/div>\n\t\t\t\t\t<\/div>\n\t\t<\/section>\n\t\t\t\t<\/div>\n\t\t","protected":false},"excerpt":{"rendered":"<p>Metodologia Descobreix la nostra metodologia Ajudem empreses, aut\u00f2noms i emprenedors a implementar millores en els seus projectes empresarials. La nostra metodologia es basa en la personalitzaci\u00f3, la gesti\u00f3 del temps i els resultats. Ens impliquem de manera directa per a implementar un conjunt de bones pr\u00e0ctiques basades en el treball en equip i els resultats, [&hellip;]<\/p>\n","protected":false},"author":2,"featured_media":0,"parent":0,"menu_order":0,"comment_status":"closed","ping_status":"closed","template":"elementor_header_footer","meta":{"footnotes":""},"class_list":["post-369","page","type-page","status-publish","hentry"],"yoast_head":"<!-- This site is optimized with the Yoast SEO plugin v26.2 - https:\/\/yoast.com\/wordpress\/plugins\/seo\/ -->\n<title>\u2705Personalizaci\u00f3n, gesti\u00f3n del tiempo y resultados | D418<\/title>\n<meta name=\"description\" content=\"Ayudamos a empresas a implementar mejoras. Nuestra metodolog\u00eda se basa en la personalizaci\u00f3n, la gesti\u00f3n del tiempo y los resultados.\" \/>\n<meta name=\"robots\" content=\"index, follow, max-snippet:-1, max-image-preview:large, max-video-preview:-1\" \/>\n<link rel=\"canonical\" href=\"https:\/\/d418ea.com\/ca\/metodologia\/\" \/>\n<meta property=\"og:locale\" content=\"ca_ES\" \/>\n<meta property=\"og:type\" content=\"article\" \/>\n<meta property=\"og:title\" content=\"\u2705Personalizaci\u00f3n, gesti\u00f3n del tiempo y resultados | D418\" \/>\n<meta property=\"og:description\" content=\"Ayudamos a empresas a implementar mejoras. Nuestra metodolog\u00eda se basa en la personalizaci\u00f3n, la gesti\u00f3n del tiempo y los resultados.\" \/>\n<meta property=\"og:url\" content=\"https:\/\/d418ea.com\/ca\/metodologia\/\" \/>\n<meta property=\"og:site_name\" content=\"D418\" \/>\n<meta property=\"article:modified_time\" content=\"2025-01-28T09:54:06+00:00\" \/>\n<meta property=\"og:image\" content=\"https:\/\/d418ea.com\/wp-content\/uploads\/2024\/12\/web-D418EconomistesAdvocats_0012.jpg\" \/>\n\t<meta property=\"og:image:width\" content=\"2000\" \/>\n\t<meta property=\"og:image:height\" content=\"1334\" \/>\n\t<meta property=\"og:image:type\" content=\"image\/jpeg\" \/>\n<meta name=\"twitter:card\" content=\"summary_large_image\" \/>\n<meta name=\"twitter:label1\" content=\"Temps estimat de lectura\" \/>\n\t<meta name=\"twitter:data1\" content=\"2 minuts\" \/>\n<script type=\"application\/ld+json\" class=\"yoast-schema-graph\">{\"@context\":\"https:\/\/schema.org\",\"@graph\":[{\"@type\":\"WebPage\",\"@id\":\"https:\/\/d418ea.com\/ca\/metodologia\/\",\"url\":\"https:\/\/d418ea.com\/ca\/metodologia\/\",\"name\":\"\u2705Personalizaci\u00f3n, gesti\u00f3n del tiempo y resultados | D418\",\"isPartOf\":{\"@id\":\"https:\/\/d418ea.com\/#website\"},\"primaryImageOfPage\":{\"@id\":\"https:\/\/d418ea.com\/ca\/metodologia\/#primaryimage\"},\"image\":{\"@id\":\"https:\/\/d418ea.com\/ca\/metodologia\/#primaryimage\"},\"thumbnailUrl\":\"https:\/\/d418ea.com\/wp-content\/uploads\/2024\/12\/web-D418EconomistesAdvocats_0012.jpg\",\"datePublished\":\"2019-12-24T09:21:50+00:00\",\"dateModified\":\"2025-01-28T09:54:06+00:00\",\"description\":\"Ayudamos a empresas a implementar mejoras. Nuestra metodolog\u00eda se basa en la personalizaci\u00f3n, la gesti\u00f3n del tiempo y los resultados.\",\"breadcrumb\":{\"@id\":\"https:\/\/d418ea.com\/ca\/metodologia\/#breadcrumb\"},\"inLanguage\":\"ca\",\"potentialAction\":[{\"@type\":\"ReadAction\",\"target\":[\"https:\/\/d418ea.com\/ca\/metodologia\/\"]}]},{\"@type\":\"ImageObject\",\"inLanguage\":\"ca\",\"@id\":\"https:\/\/d418ea.com\/ca\/metodologia\/#primaryimage\",\"url\":\"https:\/\/d418ea.com\/wp-content\/uploads\/2024\/12\/web-D418EconomistesAdvocats_0012.jpg\",\"contentUrl\":\"https:\/\/d418ea.com\/wp-content\/uploads\/2024\/12\/web-D418EconomistesAdvocats_0012.jpg\"},{\"@type\":\"BreadcrumbList\",\"@id\":\"https:\/\/d418ea.com\/ca\/metodologia\/#breadcrumb\",\"itemListElement\":[{\"@type\":\"ListItem\",\"position\":1,\"name\":\"Portada\",\"item\":\"https:\/\/d418ea.com\/ca\/\"},{\"@type\":\"ListItem\",\"position\":2,\"name\":\"Metodologia\"}]},{\"@type\":\"WebSite\",\"@id\":\"https:\/\/d418ea.com\/#website\",\"url\":\"https:\/\/d418ea.com\/\",\"name\":\"D418\",\"description\":\"Economistas y Abogados | Salvamos y optimizamos empresas\",\"publisher\":{\"@id\":\"https:\/\/d418ea.com\/#organization\"},\"potentialAction\":[{\"@type\":\"SearchAction\",\"target\":{\"@type\":\"EntryPoint\",\"urlTemplate\":\"https:\/\/d418ea.com\/?s={search_term_string}\"},\"query-input\":{\"@type\":\"PropertyValueSpecification\",\"valueRequired\":true,\"valueName\":\"search_term_string\"}}],\"inLanguage\":\"ca\"},{\"@type\":\"Organization\",\"@id\":\"https:\/\/d418ea.com\/#organization\",\"name\":\"D418\",\"alternateName\":\"Economistas y Abogados | Salvamos y optimizamos empresas\",\"url\":\"https:\/\/d418ea.com\/\",\"logo\":{\"@type\":\"ImageObject\",\"inLanguage\":\"ca\",\"@id\":\"https:\/\/d418ea.com\/#\/schema\/logo\/image\/\",\"url\":\"https:\/\/d418ea.com\/wp-content\/uploads\/2020\/10\/logo_color_cast_pos.png\",\"contentUrl\":\"https:\/\/d418ea.com\/wp-content\/uploads\/2020\/10\/logo_color_cast_pos.png\",\"width\":2162,\"height\":1169,\"caption\":\"D418\"},\"image\":{\"@id\":\"https:\/\/d418ea.com\/#\/schema\/logo\/image\/\"}}]}<\/script>\n<!-- \/ Yoast SEO plugin. -->","yoast_head_json":{"title":"\u2705Personalizaci\u00f3n, gesti\u00f3n del tiempo y resultados | D418","description":"Ayudamos a empresas a implementar mejoras. Nuestra metodolog\u00eda se basa en la personalizaci\u00f3n, la gesti\u00f3n del tiempo y los resultados.","robots":{"index":"index","follow":"follow","max-snippet":"max-snippet:-1","max-image-preview":"max-image-preview:large","max-video-preview":"max-video-preview:-1"},"canonical":"https:\/\/d418ea.com\/ca\/metodologia\/","og_locale":"ca_ES","og_type":"article","og_title":"\u2705Personalizaci\u00f3n, gesti\u00f3n del tiempo y resultados | D418","og_description":"Ayudamos a empresas a implementar mejoras. Nuestra metodolog\u00eda se basa en la personalizaci\u00f3n, la gesti\u00f3n del tiempo y los resultados.","og_url":"https:\/\/d418ea.com\/ca\/metodologia\/","og_site_name":"D418","article_modified_time":"2025-01-28T09:54:06+00:00","og_image":[{"width":2000,"height":1334,"url":"https:\/\/d418ea.com\/wp-content\/uploads\/2024\/12\/web-D418EconomistesAdvocats_0012.jpg","type":"image\/jpeg"}],"twitter_card":"summary_large_image","twitter_misc":{"Temps estimat de lectura":"2 minuts"},"schema":{"@context":"https:\/\/schema.org","@graph":[{"@type":"WebPage","@id":"https:\/\/d418ea.com\/ca\/metodologia\/","url":"https:\/\/d418ea.com\/ca\/metodologia\/","name":"\u2705Personalizaci\u00f3n, gesti\u00f3n del tiempo y resultados | D418","isPartOf":{"@id":"https:\/\/d418ea.com\/#website"},"primaryImageOfPage":{"@id":"https:\/\/d418ea.com\/ca\/metodologia\/#primaryimage"},"image":{"@id":"https:\/\/d418ea.com\/ca\/metodologia\/#primaryimage"},"thumbnailUrl":"https:\/\/d418ea.com\/wp-content\/uploads\/2024\/12\/web-D418EconomistesAdvocats_0012.jpg","datePublished":"2019-12-24T09:21:50+00:00","dateModified":"2025-01-28T09:54:06+00:00","description":"Ayudamos a empresas a implementar mejoras. Nuestra metodolog\u00eda se basa en la personalizaci\u00f3n, la gesti\u00f3n del tiempo y los resultados.","breadcrumb":{"@id":"https:\/\/d418ea.com\/ca\/metodologia\/#breadcrumb"},"inLanguage":"ca","potentialAction":[{"@type":"ReadAction","target":["https:\/\/d418ea.com\/ca\/metodologia\/"]}]},{"@type":"ImageObject","inLanguage":"ca","@id":"https:\/\/d418ea.com\/ca\/metodologia\/#primaryimage","url":"https:\/\/d418ea.com\/wp-content\/uploads\/2024\/12\/web-D418EconomistesAdvocats_0012.jpg","contentUrl":"https:\/\/d418ea.com\/wp-content\/uploads\/2024\/12\/web-D418EconomistesAdvocats_0012.jpg"},{"@type":"BreadcrumbList","@id":"https:\/\/d418ea.com\/ca\/metodologia\/#breadcrumb","itemListElement":[{"@type":"ListItem","position":1,"name":"Portada","item":"https:\/\/d418ea.com\/ca\/"},{"@type":"ListItem","position":2,"name":"Metodologia"}]},{"@type":"WebSite","@id":"https:\/\/d418ea.com\/#website","url":"https:\/\/d418ea.com\/","name":"D418","description":"Economistas y Abogados | Salvamos y optimizamos empresas","publisher":{"@id":"https:\/\/d418ea.com\/#organization"},"potentialAction":[{"@type":"SearchAction","target":{"@type":"EntryPoint","urlTemplate":"https:\/\/d418ea.com\/?s={search_term_string}"},"query-input":{"@type":"PropertyValueSpecification","valueRequired":true,"valueName":"search_term_string"}}],"inLanguage":"ca"},{"@type":"Organization","@id":"https:\/\/d418ea.com\/#organization","name":"D418","alternateName":"Economistas y Abogados | Salvamos y optimizamos empresas","url":"https:\/\/d418ea.com\/","logo":{"@type":"ImageObject","inLanguage":"ca","@id":"https:\/\/d418ea.com\/#\/schema\/logo\/image\/","url":"https:\/\/d418ea.com\/wp-content\/uploads\/2020\/10\/logo_color_cast_pos.png","contentUrl":"https:\/\/d418ea.com\/wp-content\/uploads\/2020\/10\/logo_color_cast_pos.png","width":2162,"height":1169,"caption":"D418"},"image":{"@id":"https:\/\/d418ea.com\/#\/schema\/logo\/image\/"}}]}},"_links":{"self":[{"href":"https:\/\/d418ea.com\/ca\/wp-json\/wp\/v2\/pages\/369","targetHints":{"allow":["GET"]}}],"collection":[{"href":"https:\/\/d418ea.com\/ca\/wp-json\/wp\/v2\/pages"}],"about":[{"href":"https:\/\/d418ea.com\/ca\/wp-json\/wp\/v2\/types\/page"}],"author":[{"embeddable":true,"href":"https:\/\/d418ea.com\/ca\/wp-json\/wp\/v2\/users\/2"}],"replies":[{"embeddable":true,"href":"https:\/\/d418ea.com\/ca\/wp-json\/wp\/v2\/comments?post=369"}],"version-history":[{"count":12,"href":"https:\/\/d418ea.com\/ca\/wp-json\/wp\/v2\/pages\/369\/revisions"}],"predecessor-version":[{"id":2513,"href":"https:\/\/d418ea.com\/ca\/wp-json\/wp\/v2\/pages\/369\/revisions\/2513"}],"wp:attachment":[{"href":"https:\/\/d418ea.com\/ca\/wp-json\/wp\/v2\/media?parent=369"}],"curies":[{"name":"wp","href":"https:\/\/api.w.org\/{rel}","templated":true}]}}